{"id":9,"date":"2019-02-09T14:09:48","date_gmt":"2019-02-09T13:09:48","guid":{"rendered":"http:\/\/www.paumann.org\/?page_id=9"},"modified":"2023-04-23T18:48:40","modified_gmt":"2023-04-23T16:48:40","slug":"allgemeine-informationen","status":"publish","type":"page","link":"https:\/\/www.paumann.org\/?page_id=9","title":{"rendered":"Allgemeine Informationen"},"content":{"rendered":"\n<p><\/p>\n\n\n\n<table class=\"wp-block-table\"><tbody><tr><td>Wohnfl\u00e4che Gesamt<\/td><td>156,06 m\u00b2<\/td><\/tr><tr><td>Wohnfl\u00e4che Erdgescho\u00df<\/td><td>69,41 m\u00b2<\/td><\/tr><tr><td>Wohnfl\u00e4che Obergescho\u00df<\/td><td>86,65 m\u00b2<\/td><\/tr><tr><td>R\u00e4ume Erdgescho\u00df<\/td><td>5<\/td><\/tr><tr><td>R\u00e4ume Obergescho\u00df<\/td><td>4<\/td><\/tr><tr><td>R\u00e4ume Keller<\/td><td>4<\/td><\/tr><tr><td>Kellerfl\u00e4che<\/td><td>69,41 m\u00b2<\/td><\/tr><tr><td>Grundst\u00fccksfl\u00e4che<\/td><td>990 m\u00b2<\/td><\/tr><tr><td>Verbaute Fl\u00e4che<\/td><td>120 m\u00b2<\/td><\/tr><tr><td>Gartenfl\u00e4che<\/td><td>870 m\u00b2<\/td><\/tr><tr><td>Heizw\u00e4rmebedarf lt. Energieausweis<\/td><td>45,05 KWh\/m\u00b2a<\/td><\/tr><tr><td>Glasfaseranschluss m\u00f6glich<\/td><td>Ja<\/td><\/tr><tr><td>Eigener Brunnen vorhanden<\/td><td>Ja<\/td><\/tr><tr><td>Zentralheizung<\/td><td>Ja, Pellets<\/td><\/tr><tr><td>Parkpl\u00e4tze<\/td><td>2-4<\/td><\/tr><\/tbody><\/table>\n\n\n\n<h2 class=\"wp-block-heading\">Pl\u00e4ne und Energieausweis<\/h2>\n\n\n\n<div class=\"wp-block-file alignleft\"><a href=\"http:\/\/www.paumann.org\/wp-content\/uploads\/2019\/02\/02.2-EG.pdf\" class=\"wp-block-file__button\" download>Plan Erdgescho\u00df<\/a><\/div>\n\n\n\n<div class=\"wp-block-file alignleft\"><a href=\"http:\/\/www.paumann.org\/wp-content\/uploads\/2019\/02\/02.3-OG.pdf\" class=\"wp-block-file__button\" download>Plan Obergescho\u00df<\/a><\/div>\n\n\n\n<div class=\"wp-block-file alignleft\"><a href=\"http:\/\/www.paumann.org\/wp-content\/uploads\/2019\/02\/02.1-KG.pdf\" class=\"wp-block-file__button\" download>Plan Kellergescho\u00df<\/a><\/div>\n\n\n\n<div class=\"wp-block-file alignleft\"><a href=\"http:\/\/www.paumann.org\/wp-content\/uploads\/2019\/02\/1740_Paumann-EA-Sanierung-VWS2.pdf\" class=\"wp-block-file__button\" download>Energieausweis<\/a><\/div>\n","protected":false},"excerpt":{"rendered":"<p>Wohnfl\u00e4che Gesamt 156,06 m\u00b2 Wohnfl\u00e4che Erdgescho\u00df 69,41 m\u00b2 Wohnfl\u00e4che Obergescho\u00df 86,65 m\u00b2 R\u00e4ume Erdgescho\u00df 5 R\u00e4ume Obergescho\u00df 4 R\u00e4ume Keller 4 Kellerfl\u00e4che 69,41 m\u00b2 Grundst\u00fccksfl\u00e4che 990 m\u00b2 Verbaute Fl\u00e4che 120 m\u00b2 Gartenfl\u00e4che 870 m\u00b2 Heizw\u00e4rmebedarf lt. Energieausweis 45,05 KWh\/m\u00b2a Glasfaseranschluss m\u00f6glich Ja Eigener Brunnen vorhanden Ja Zentralheizung Ja, Pellets Parkpl\u00e4tze 2-4 Pl\u00e4ne und Energieausweis<\/p>\n","protected":false},"author":1,"featured_media":0,"parent":0,"menu_order":0,"comment_status":"closed","ping_status":"closed","template":"","meta":[],"_links":{"self":[{"href":"https:\/\/www.paumann.org\/index.php?rest_route=\/wp\/v2\/pages\/9"}],"collection":[{"href":"https:\/\/www.paumann.org\/index.php?rest_route=\/wp\/v2\/pages"}],"about":[{"href":"https:\/\/www.paumann.org\/index.php?rest_route=\/wp\/v2\/types\/page"}],"author":[{"embeddable":true,"href":"https:\/\/www.paumann.org\/index.php?rest_route=\/wp\/v2\/users\/1"}],"replies":[{"embeddable":true,"href":"https:\/\/www.paumann.org\/index.php?rest_route=%2Fwp%2Fv2%2Fcomments&post=9"}],"version-history":[{"count":6,"href":"https:\/\/www.paumann.org\/index.php?rest_route=\/wp\/v2\/pages\/9\/revisions"}],"predecessor-version":[{"id":114,"href":"https:\/\/www.paumann.org\/index.php?rest_route=\/wp\/v2\/pages\/9\/revisions\/114"}],"wp:attachment":[{"href":"https:\/\/www.paumann.org\/index.php?rest_route=%2Fwp%2Fv2%2Fmedia&parent=9"}],"curies":[{"name":"wp","href":"https:\/\/api.w.org\/{rel}","templated":true}]}}